{"id":733,"date":"2021-02-01T11:00:10","date_gmt":"2021-02-01T03:00:10","guid":{"rendered":"http:\/\/femininethemesdemo.com\/themes\/naomi\/?page_id=13"},"modified":"2022-09-10T19:15:31","modified_gmt":"2022-09-10T17:15:31","slug":"about","status":"publish","type":"page","link":"https:\/\/lumistudio.de\/?page_id=733","title":{"rendered":"\u00dcber mich"},"content":{"rendered":"\n<div class=\"wp-block-columns is-layout-flex wp-container-core-columns-is-layout-1 wp-block-columns-is-layout-flex\">\n<div class=\"wp-block-column is-layout-flow wp-block-column-is-layout-flow\">\n<figure class=\"wp-block-image size-large\"><img decoding=\"async\" src=\"https:\/\/femininethemesdemo.com\/themes\/samantha\/files\/2016\/02\/styled-photo-08-1024x683.jpg\" alt=\"\" class=\"wp-image-844\"\/><\/figure>\n\n\n\n<figure class=\"wp-block-image size-large\"><img decoding=\"async\" src=\"https:\/\/femininethemesdemo.com\/themes\/samantha\/files\/2016\/02\/styled-photo-03-1024x683.jpg\" alt=\"\" class=\"wp-image-843\"\/><\/figure>\n<\/div>\n\n\n\n<div class=\"wp-block-column is-layout-flow wp-block-column-is-layout-flow\">\n<p>Hallo da drau\u00dfen! Ich bin Karin, Grafik Designerin von Beruf, Illustratorin, Mama von einer bezaubernden kleinen Dame und Bedienstete eines lustig gefleckten Hundes.<\/p>\n<p>Meine kleine Tochter war die Inspiration, die ich brauchte, um einen Schritt aus meiner gewohnten Arbeitswelt und meiner Komfortzone zu machen und einen kleinen Online-Laden zu er\u00f6ffnen. Das Funkeln in den Augen von Kindern, die Kleinigkeiten in (f\u00fcr Erwachsene) banalen Dingen entdecken, die Wissbegierde, der Lernwille, die Liebe zu bunten Farben&#8230; genau deshalb macht es unfassbar viel Freude f\u00fcr die Kleinen, ihre Eltern, ihre Betreuer und Lehrer zu gestalten um sch\u00f6ne R\u00e4ume zu schaffen, in denen man inspiriert wird.<\/p>\n<p>Jede Illustration und jedes Design in meinem Shop wurde von mir erstellt und ich bem\u00fche mich immer neue frische und originelle Kunstwerke zur Sammlung hinzuzuf\u00fcgen.<\/p>\n<p>Da ich selbst Mama bin und wei\u00df wie schnell sich Interessen, Lieblingsfarben, Lieblingstiere etc. \u00e4ndern k\u00f6nnen, wollte ich einen Weg finden, wie man Zuhause immer up to date ist ohne Unsummen daf\u00fcr ausgeben zu m\u00fcssen. Mit druckbarer Kunst erhalten Sie digitale Dateien, die sofort heruntergeladen werden k\u00f6nnen. Dann k\u00f6nnen Sie sie drucken und rahmen, wo und wie sie m\u00f6chten! Meistens hat man passende Bilderrahmen ja noch Zuhause.<\/p>\n<p>Ich w\u00fcnsche Ihnen und allen Kindern, die mit Bildern beschenkt werden, ein dauerhaftes Leuchten in den Augen!<\/p>\n<p>Karin<\/p>\n<\/div>\n<\/div>\n","protected":false},"excerpt":{"rendered":"<p>Hallo da drau\u00dfen! Ich bin Karin, Grafik Designerin von Beruf, Illustratorin, Mama von einer bezaubernden kleinen Dame und Bedienstete eines lustig gefleckten Hundes. Meine kleine Tochter war die Inspiration, die ich brauchte, um einen Schritt aus meiner gewohnten Arbeitswelt und meiner Komfortzone zu machen und einen kleinen Online-Laden zu er\u00f6ffnen. Das Funkeln in den Augen [&hellip;]<\/p>\n<p class=\"post-read-p\"><a href=\"https:\/\/lumistudio.de\/?page_id=733\" class=\"post-read-more\">Continue Reading<\/a><\/p>\n","protected":false},"author":1,"featured_media":0,"parent":0,"menu_order":0,"comment_status":"closed","ping_status":"closed","template":"layouts\/full-page.php","meta":{"footnotes":""},"class_list":["post-733","page","type-page","status-publish","hentry"],"_links":{"self":[{"href":"https:\/\/lumistudio.de\/index.php?rest_route=\/wp\/v2\/pages\/733","targetHints":{"allow":["GET"]}}],"collection":[{"href":"https:\/\/lumistudio.de\/index.php?rest_route=\/wp\/v2\/pages"}],"about":[{"href":"https:\/\/lumistudio.de\/index.php?rest_route=\/wp\/v2\/types\/page"}],"author":[{"embeddable":true,"href":"https:\/\/lumistudio.de\/index.php?rest_route=\/wp\/v2\/users\/1"}],"replies":[{"embeddable":true,"href":"https:\/\/lumistudio.de\/index.php?rest_route=%2Fwp%2Fv2%2Fcomments&post=733"}],"version-history":[{"count":4,"href":"https:\/\/lumistudio.de\/index.php?rest_route=\/wp\/v2\/pages\/733\/revisions"}],"predecessor-version":[{"id":1239,"href":"https:\/\/lumistudio.de\/index.php?rest_route=\/wp\/v2\/pages\/733\/revisions\/1239"}],"wp:attachment":[{"href":"https:\/\/lumistudio.de\/index.php?rest_route=%2Fwp%2Fv2%2Fmedia&parent=733"}],"curies":[{"name":"wp","href":"https:\/\/api.w.org\/{rel}","templated":true}]}}